{"id":8420,"date":"2018-10-22T11:52:55","date_gmt":"2018-10-22T11:52:55","guid":{"rendered":"http:\/\/mmv-thal.at\/wp\/?page_id=8420"},"modified":"2022-02-08T08:52:09","modified_gmt":"2022-02-08T08:52:09","slug":"datenschutzerklaerung","status":"publish","type":"page","link":"https:\/\/mmv-thal.at\/wp\/?page_id=8420","title":{"rendered":"Datenschutzerkl\u00e4rung"},"content":{"rendered":"<p style=\"text-align: justify;\">Diese Datenschutzerkl\u00e4rung gilt ab 01.10.2018<br \/>\nDer Marktmusikverein Thal hat seinen Sitz: 8051 Thal, Am Waldrand 5, \u00d6sterreich<br \/>\nZVR: 789725459<\/p>\n<hr \/>\n<p>Der Marktmusikverein Thal hat zum Datenschutz klare Richtlinien &#8211; hier eine kurze \u00dcbersicht:<\/p>\n<p><strong>a.)<\/strong> Wir verkaufen oder verleihen Ihre pers\u00f6nlichen Daten in keinem Fall.<br \/>\n<strong>b.)<\/strong> Wir erheben ohne Ihrem Wissen und ohne Ihrer Erlaubnis keine pers\u00f6nlichen Daten.<br \/>\n<strong>c.)<\/strong> Wir sind st\u00e4ndig bem\u00fcht, h\u00f6chstm\u00f6glichen Schutz f\u00fcr die bei uns gespeicherten Daten zu gew\u00e4hrleisten.<br \/>\n<strong>d.)<\/strong> Wir verarbeiten die Daten nach den Vorgaben der EU-Datenschutz-Grundverordnung ( DSGVO).<\/p>\n<hr \/>\n<p><strong>1. Einleitung<\/strong><br \/>\nDer Datenschutz ist uns ein ganz besonderes Anliegen. Mit dieser Datenschutzerkl\u00e4rung informieren wir Sie dar\u00fcber, wie wir mit den, uns, von Ihnen im Vertrauen \u00fcbermittelten Daten verfahren.<\/p>\n<p>Sie k\u00f6nnen unsere Website anonym besuchen, ohne dass wir wissen wer Sie sind oder wir personenbezogene Daten von Ihnen verlangen und speichern.<\/p>\n<p>Unsere Website erfasst bei jedem Besuch, anonym, allgemeine Daten und Informationen, wie die IP-Adresse, den Typ und die Version vom Internetbrowser, das Betriebssystem, den Empfehlungsgeberlink (Url), \u00fcber welchen Sie unsere Website aufgerufen haben, Datum und Uhrzeit des Besuchs und \u00e4hnliche Daten. Diese Daten werden nicht zum Profiling (R\u00fcckschl\u00fcsse auf die betroffene Person) verwendet und nur in den Log-Files der Website gespeichert, sowie getrennt von den personenbezogenen Daten erhoben und gespeichert.<\/p>\n<p>Sobald Sie unsere Dienste in Anspruch nehmen, erheben und speichern wir nur mit Ihrem Einverst\u00e4ndnis, solche Informationen, die notwendig und gesetzlich vorgeschrieben sind, um Ihnen den gew\u00fcnschten Service bieten zu k\u00f6nnen.<\/p>\n<p>Um eine bessere Lesbarkeit zu erreichen wurde auf geschlechtsneutrale Formulierungen verzichtet. Es versteht sich jedoch von selbst, dass sich alle personenbezogenen Bezeichnungen auf beide Geschlechter beziehen.<\/p>\n<hr \/>\n<p><strong>2. Name und Anschrift des Verantwortlichen f\u00fcr die Datenverarbeitung und deren Schutz<\/strong><br \/>\nMarktmusikverein Thal, 8051 Thal, Am Waldrand 5, \u00d6sterreich<br \/>\nHerr Manfred Wagner<br \/>\nTelefon: +43 664 24 99 110<br \/>\nEmail: office@mmv-thal.at<\/p>\n<hr \/>\n<p><strong>3. Verwendung<\/strong><br \/>\nUnser Hauptzweck beim Erheben personenbezogener Daten ist es, Ihnen einen sicheren, reibungslosen und effizienten Service und eine optimale Dienstleistung zu bieten. Mit Zustimmung zu dieser Datenschutzerkl\u00e4rung willigen Sie ein, dass wir Ihre personenbezogenen Daten f\u00fcr folgende Aufgaben verwenden:<\/p>\n<p><strong>a.)<\/strong> Erbringung der von Ihnen gew\u00fcnschten Leistungen und des von Ihnen gew\u00fcnschten Kundenservice,<br \/>\n<strong>b.)<\/strong> Anpassung, Messung und Verbesserung unserer Leistungen und Inhalte unserer Websites,<br \/>\n<strong>c.)<\/strong> Benachrichtigung \u00fcber unsere Leistungen und die unserer Unternehmensfamilie als zielgerichtetes Marketing, Service-Updates, Werbeangebote und Zusendung von ausgesuchten Objekten,<br \/>\n<strong>d.)<\/strong> Wir senden keine News von Dritten an Sie,<br \/>\n<strong>e.)<\/strong> S\u00e4mtliche Marketingkommunikation vom Marktmusikverein Thal k\u00f6nnen Sie jederzeit \u00e4ndern oder abbestellen,<br \/>\n<strong>f.)<\/strong> Beilegung von Streitigkeiten, Einzug von Geb\u00fchren und Behebung von Problemen,<br \/>\n<strong>g.)<\/strong> Verhinderung, Aufdeckung und Untersuchung m\u00f6glicherweise verbotener oder illegaler Aktivit\u00e4ten und Durchsetzung unserer AGB<a href=\"index.php\/agb\"><br \/>\n<\/a><br \/>\nDie Rechtsgrundlage f\u00fcr die Datenverarbeitung ist Art. 6 Abs. 1 S. 1 lit. f DSGVO.<\/p>\n<p>Die oben aufgelisteten Zwecke, stellen unser berechtigtes Interesse zur Datenerhebung dar. Wir verwenden die Daten nicht um R\u00fcckschl\u00fcsse auf Ihre Person ziehen zu k\u00f6nnen.<\/p>\n<hr \/>\n<p><strong>4. Kontaktaufnahme \u00fcber die Website<\/strong><br \/>\nSie k\u00f6nnen uns, \u00fcber die Website oder per Email an office@mmv-thal.at eine Nachricht schreiben. Diese Datenverarbeitung erfolgt nach Art. 6 Abs. 1 S. 1 lit. a DSGVO auf Grundlage Ihrer freiwillig erteilten Einwilligung.<\/p>\n<p>Jegliche an uns herangetragenen Daten au\u00dferhalb einer regul\u00e4ren Gesch\u00e4fts- oder Kundenbeziehung wie z.B.: Anfragen, Beschwerden, eingehende Emails, Supportanfragen, Terminw\u00fcnsche etc. werden von uns zu Kontroll- Ausf\u00fchr- und Nachweiszwecken gespeichert.<\/p>\n<hr \/>\n<p><strong>5. Weitergabe von Daten<\/strong><br \/>\nWir \u00fcbermitteln Ihre pers\u00f6nlichen Daten an Dritte, nur zu nachstehenden Zwecken, andernfalls findet keinerlei Daten\u00fcbertragung an Dritte statt.<\/p>\n<p>Eine Weitergabe Ihrer pers\u00f6nlichen Daten an Dritte erfolgt nur, wenn:<br \/>\n<strong>a.)<\/strong> Sie Ihre nach Art. 6 Abs. 1 S. 1 lit. a DSGVO ausdr\u00fcckliche Einwilligung dazu erteilt haben,<br \/>\n<strong>b.)<\/strong> die Weitergabe nach Art. 6 Abs. 1 S. 1 lit. f DSGVO zur Geltendmachung, Aus\u00fcbung oder Verteidigung von Rechtsanspr\u00fcchen erforderlich ist und kein Grund zur Annahme besteht, dass Sie ein \u00fcberwiegendes schutzw\u00fcrdiges Interesse an der Nichtweitergabe Ihrer Daten haben,<br \/>\n<strong>c.)<\/strong> f\u00fcr den Fall, dass f\u00fcr die Weitergabe nach Art. 6 Abs. 1 S. 1 lit. c DSGVO eine gesetzliche Verpflichtung besteht, sowie<br \/>\n<strong>d.)<\/strong> dies gesetzlich zul\u00e4ssig und nach Art. 6 Abs. 1 S. 1 lit. b DSGVO f\u00fcr die Abwicklung von Vertragsverh\u00e4ltnissen mit Ihnen erforderlich ist.<\/p>\n<hr \/>\n<p><strong>6. Dritte Parteien<\/strong><br \/>\nAu\u00dfer in den ausdr\u00fccklich in dieser Datenschutzerkl\u00e4rung genannten F\u00e4llen, umfasst dieses Dokument nur die Verwendung und Offenlegung von Daten, die wir von Ihnen erheben.<\/p>\n<p>Wenn Sie pers\u00f6nlich Ihre Daten auf anderen Websites im Internet offenlegen, k\u00f6nnen andere Regeln f\u00fcr deren Nutzung oder Offenlegung gelten. Der Marktmusikverein Thal hat keinen Einfluss auf die Datenschutzerkl\u00e4rungen Dritter, die m\u00f6glicherweise f\u00fcr Sie gelten. Wir empfehlen Ihnen, sich mit den Datenschutzgrunds\u00e4tzen Dritter vertraut zu machen, bevor Sie diesen Ihre personenbezogenen Daten offenlegen.<\/p>\n<hr \/>\n<p><strong>7. Sicherheit<\/strong><br \/>\nIhre Daten werden auf sicheren Servern gespeichert, welche bei ausgesuchten Dienstleistungsanbieter in Europa (Deutschland und \u00d6sterreich) gehostet, gepr\u00fcft und gesichert sind.<\/p>\n<p>Wir behandeln Daten als ein Gut, das gesch\u00fctzt werden muss, und setzen viele Mittel ein (Verschl\u00fcsselung, Passw\u00f6rter, physische Sicherheit usw.), um Ihre personenbezogenen Daten vor unerlaubtem Zugriff und Offenlegung zu sch\u00fctzen.<\/p>\n<p>Wie Sie wahrscheinlich wissen, k\u00f6nnen Dritte \u00dcbermittlungen oder private Mitteilungen abfangen oder darauf zugreifen und Nutzer k\u00f6nnen Ihre personenbezogenen Daten, die sie von der Website erheben, missbrauchen. Deshalb k\u00f6nnen wir nicht garantieren, dass Ihre personenbezogenen Daten oder privaten Mitteilungen immer vertraulich bleiben, auch wenn wir alles tun, um Ihre Daten zu sch\u00fctzen.<\/p>\n<hr \/>\n<p><strong>8. Was wir nicht tun<\/strong><br \/>\nWir erfragen zu keinem Zeitpunkt, weder automatisiert noch \u00fcber unsere Mitarbeiter, Informationen \u00fcber Ihre Kreditkarte, Login-Daten, Passw\u00f6rter, Ihre Personalausweis- oder Reisepassnummern in einer nicht gesch\u00fctzten Umgebung oder in unaufgeforderten Emails oder Telefonanrufen.<\/p>\n<hr \/>\n<p><strong>9. Rechtsgrundlage und Aufbewahrungsdauer der Daten<\/strong><br \/>\nDie Rechtsgrundlage und anwendbares Recht f\u00fcr den Datenschutz ist Graz\/\u00d6sterreich.<\/p>\n<p>Die Datenverarbeitung erfolgt auf Anfrage des Kunden und ist nach Art. 6 Abs. 1 S. 1 lit. b DSGVO zu den genannten Zwecken f\u00fcr die angemessene Bearbeitung des Auftrags und f\u00fcr die beidseitige Erf\u00fcllung von Verpflichtungen aus dem Auftrag erforderlich.<\/p>\n<p>Die f\u00fcr die Vertragserf\u00fcllung\/Abwicklung von uns erhobenen personenbezogenen Daten werden bis zum Ablauf der gesetzlichen Aufbewahrungspflicht gespeichert und danach gel\u00f6scht, es sei denn, dass wir nach Artikel 6 Abs. 1 S. 1 lit. c DSGVO aufgrund von steuer- und handelsrechtlichen Aufbewahrungs- und Dokumentationspflichten zu einer l\u00e4ngeren Speicherung verpflichtet sind oder Sie in eine dar\u00fcberhinausgehende Speicherung nach Art. 6 Abs. 1 S. 1 lit. a DSGVO eingewilligt haben. Die steuerlichen Aufbewahrungsfristen betragen 10 Jahre. Weiterhin besteht die M\u00f6glichkeit der Aufbewahrung zur Verteidigung in m\u00f6glichen Haftungsf\u00e4llen bis zu 30 Jahren.<\/p>\n<hr \/>\n<p><strong>10. Betroffenenrechte<\/strong><br \/>\nSie haben das Recht:<\/p>\n<p>gem\u00e4\u00df Art. 7 Abs. 3 DSGVO Ihre einmal erteilte Einwilligung jederzeit gegen\u00fcber uns zu widerrufen. Dies hat zur Folge, dass wir die Datenverarbeitung, die auf dieser Einwilligung beruhte, f\u00fcr die Zukunft nicht mehr fortf\u00fchren d\u00fcrfen;<\/p>\n<p>gem\u00e4\u00df Art. 15 DSGVO Auskunft \u00fcber Ihre von uns verarbeiteten personenbezogenen Daten zu verlangen. Insbesondere k\u00f6nnen Sie Auskunft \u00fcber die Verarbeitungszwecke, die Kategorie der personenbezogenen Daten, die Kategorien von Empf\u00e4ngern, gegen\u00fcber denen Ihre Daten offengelegt wurden oder werden, die geplante Speicherdauer, das Bestehen eines Rechts auf Berichtigung, L\u00f6schung, Einschr\u00e4nkung der Verarbeitung oder Widerspruch, das Bestehen eines Beschwerderechts, die Herkunft ihrer Daten, sofern diese nicht bei uns erhoben wurden, sowie \u00fcber das Bestehen einer automatisierten Entscheidungsfindung einschlie\u00dflich Profiling und ggf. aussagekr\u00e4ftigen Informationen zu deren Einzelheiten verlangen;<\/p>\n<p>gem\u00e4\u00df Art. 16 DSGVO unverz\u00fcglich die Berichtigung unrichtiger oder Vervollst\u00e4ndigung Ihrer bei uns gespeicherten personenbezogenen Daten zu verlangen;<\/p>\n<p>gem\u00e4\u00df Art. 17 DSGVO die L\u00f6schung Ihrer bei uns gespeicherten personenbezogenen Daten zu verlangen, soweit nicht die Verarbeitung zur Aus\u00fcbung des Rechts auf freie Meinungs\u00e4u\u00dferung und Information, zur Erf\u00fcllung einer rechtlichen Verpflichtung, aus Gr\u00fcnden des \u00f6ffentlichen Interesses oder zur Geltendmachung, Aus\u00fcbung oder Verteidigung von Rechtsanspr\u00fcchen erforderlich ist;<\/p>\n<p>gem\u00e4\u00df Art. 18 DSGVO die Einschr\u00e4nkung der Verarbeitung Ihrer personenbezogenen Daten zu verlangen, soweit die Richtigkeit der Daten von Ihnen bestritten wird, die Verarbeitung unrechtm\u00e4\u00dfig ist, Sie aber deren L\u00f6schung ablehnen und wir die Daten nicht mehr ben\u00f6tigen, Sie jedoch diese zur Geltendmachung, Aus\u00fcbung oder Verteidigung von Rechtsanspr\u00fcchen ben\u00f6tigen oder Sie gem\u00e4\u00df Art. 21 DSGVO Widerspruch gegen die Verarbeitung eingelegt haben;<\/p>\n<p>gem\u00e4\u00df Art. 20 DSGVO Ihre personenbezogenen Daten, die Sie uns bereitgestellt haben, in einem strukturierten, g\u00e4ngigen und maschinenlesebaren Format zu erhalten oder die \u00dcbermittlung an einen anderen Verantwortlichen zu verlangen und<\/p>\n<p>gem\u00e4\u00df Art. 77 DSGVO sich bei einer Aufsichtsbeh\u00f6rde zu beschweren. In der Regel k\u00f6nnen Sie sich hierf\u00fcr an die Aufsichtsbeh\u00f6rde Ihres \u00fcblichen Aufenthaltsortes oder Arbeitsplatzes wenden.<\/p>\n<hr \/>\n<p><strong>11. Widerspruchsrecht<\/strong><br \/>\nSofern Ihre personenbezogenen Daten auf Grundlage von berechtigten Interessen gem\u00e4\u00df Art. 6 Abs. 1 S. 1 lit. f DSGVO verarbeitet werden, haben Sie das Recht, gem\u00e4\u00df Art. 21 DSGVO Widerspruch gegen die Verarbeitung Ihrer personenbezogenen Daten einzulegen, soweit daf\u00fcr Gr\u00fcnde vorliegen, die sich aus Ihrer besonderen Situation ergeben.<\/p>\n<p>M\u00f6chten Sie von Ihrem Widerspruchsrecht Gebrauch machen, gen\u00fcgt eine E-Mail an office@mmv-thal.at<\/p>\n<hr \/>\n<p><strong>12. Cookies &amp; Richtlinie<\/strong><br \/>\nIndem Sie weiter auf dieser Website navigieren, ohne die Cookie-Einstellungen Ihres Internet Browsers zu \u00e4ndern, stimmen Sie unserer Verwendung von Cookies zu.<\/p>\n<p>In dieser Richtlinie verwenden wir den Begriff &#8222;Cookies&#8220; f\u00fcr Cookies und andere \u00e4hnliche Technologien, die von der EU-Richtlinie \u00fcber die Verarbeitung personenbezogener Daten und den Schutz der Privatsph\u00e4re in der elektronischen Kommunikation erfasst werden.<\/p>\n<p>Cookies sind kleine Textdateien, die von der besuchten Website geschaffen werden und Daten enthalten. Sie werden auf dem Computer des Besuchers gespeichert, um dem Benutzer Zugang zu verschiedenen Funktionen zu bieten. Auf unseren Websites werden sowohl Session Cookies als auch dauerhafte Cookies verwendet. Ein Session Cookie wird vor\u00fcbergehend auf dem Computer gespeichert, w\u00e4hrend der Besucher durch die Website navigiert. Dieses Cookie wird gel\u00f6scht, wenn der Benutzer seinen Internet-Browser schlie\u00dft oder nach Ablauf einer bestimmten Zeit (d. h., wenn die Session abl\u00e4uft). Ein dauerhaftes Cookie bleibt auf dem Computer des Besuchers, bis es gel\u00f6scht wird.<\/p>\n<p>Wir verwenden Cookies, um mehr \u00fcber die Interaktion von Besuchern mit unseren Inhalten und Funktionen zu erfahren und die Besuchserfahrung in Bezug auf unsere Website zu verbessern.<\/p>\n<hr \/>\n<p><strong>13. Schlussbemerkung<\/strong><br \/>\nWir k\u00f6nnen diese Datenschutzerkl\u00e4rung jederzeit durch Ver\u00f6ffentlichung der ge\u00e4nderten Bedingungen auf dieser Website \u00e4ndern. Die ge\u00e4nderten Bedingungen treten automatisch 30 Tage nach erstmaliger Ver\u00f6ffentlichung in Kraft. Zus\u00e4tzlich benachrichtigen wir Sie per Email an die von Ihnen angegebene Adresse.<\/p>\n<p>Wenn Sie Fragen in Bezug auf diese Datenschutzerkl\u00e4rung haben, senden Sie uns bitte eine E-Mail an office@mmv-thal.at, danke.<\/p>\n<hr \/>\n","protected":false},"excerpt":{"rendered":"<p>Diese Datenschutzerkl\u00e4rung gilt ab 01.10.2018 Der Marktmusikverein Thal hat seinen Sitz: 8051 Thal, Am Waldrand 5, \u00d6sterreich ZVR: 789725459 Der Marktmusikverein Thal hat zum Datenschutz klare Richtlinien &#8211; hier eine kurze \u00dcbersicht: a.) Wir verkaufen oder verleihen Ihre pers\u00f6nlichen Daten in keinem Fall. b.) Wir erheben ohne Ihrem Wissen und ohne Ihrer Erlaubnis keine pers\u00f6nlichen [&hellip;]<\/p>\n","protected":false},"author":3,"featured_media":0,"parent":0,"menu_order":0,"comment_status":"closed","ping_status":"closed","template":"","meta":{"ngg_post_thumbnail":0,"footnotes":""},"_links":{"self":[{"href":"https:\/\/mmv-thal.at\/wp\/index.php?rest_route=\/wp\/v2\/pages\/8420"}],"collection":[{"href":"https:\/\/mmv-thal.at\/wp\/index.php?rest_route=\/wp\/v2\/pages"}],"about":[{"href":"https:\/\/mmv-thal.at\/wp\/index.php?rest_route=\/wp\/v2\/types\/page"}],"author":[{"embeddable":true,"href":"https:\/\/mmv-thal.at\/wp\/index.php?rest_route=\/wp\/v2\/users\/3"}],"replies":[{"embeddable":true,"href":"https:\/\/mmv-thal.at\/wp\/index.php?rest_route=%2Fwp%2Fv2%2Fcomments&post=8420"}],"version-history":[{"count":4,"href":"https:\/\/mmv-thal.at\/wp\/index.php?rest_route=\/wp\/v2\/pages\/8420\/revisions"}],"predecessor-version":[{"id":8584,"href":"https:\/\/mmv-thal.at\/wp\/index.php?rest_route=\/wp\/v2\/pages\/8420\/revisions\/8584"}],"wp:attachment":[{"href":"https:\/\/mmv-thal.at\/wp\/index.php?rest_route=%2Fwp%2Fv2%2Fmedia&parent=8420"}],"curies":[{"name":"wp","href":"https:\/\/api.w.org\/{rel}","templated":true}]}}