{"id":9,"date":"2014-07-16T19:13:30","date_gmt":"2014-07-16T19:13:30","guid":{"rendered":"http:\/\/mmv-thal.at\/wp\/?page_id=9"},"modified":"2023-06-19T06:02:21","modified_gmt":"2023-06-19T06:02:21","slug":"vorstand","status":"publish","type":"page","link":"https:\/\/mmv-thal.at\/wp\/?page_id=9","title":{"rendered":"Vorstand"},"content":{"rendered":"<p><a href=\"http:\/\/mmv-thal.at\/wp\/wp-content\/uploads\/Bild69.jpg\">\u00a0<\/a><\/p>\n<table id=\"table2\" style=\"width: 82%;\" border=\"0\" width=\"82%\" cellspacing=\"10\" cellpadding=\"0\">\n<tbody>\n<tr>\n<td style=\"width: 47.19%;\" width=\"284\" height=\"19\"><span style=\"font-family: Verdana;\">Obmann<\/span><\/td>\n<td style=\"width: 52.64%;\" height=\"19\"><span style=\"font-family: Verdana;\"><b>Manfed WAGNER<\/b><\/span><\/td>\n<\/tr>\n<tr>\n<td style=\"width: 47.19%;\" width=\"284\"><span style=\"font-family: Verdana;\">Obmann Stv.<\/span><\/td>\n<td style=\"width: 52.64%;\"><span style=\"font-family: Verdana;\"><b>Birgit NAGL<\/b><\/span><\/td>\n<\/tr>\n<tr>\n<td style=\"width: 47.19%;\" width=\"284\"><span style=\"font-family: Verdana;\">Obmann Stv.<\/span><\/td>\n<td style=\"width: 52.64%;\"><span style=\"font-family: Verdana;\"><b>Florian PUNTIGAM<\/b><\/span><\/td>\n<\/tr>\n<tr>\n<td style=\"width: 47.19%;\" width=\"284\"><span style=\"font-family: Verdana;\"> Kassier<\/span><\/td>\n<td style=\"width: 52.64%;\"><span style=\"font-family: Verdana;\"><b>Petra DOBIDA<\/b><\/span><\/td>\n<\/tr>\n<tr>\n<td style=\"width: 47.19%;\" width=\"284\"><span style=\"font-family: Verdana;\"> Kassier Stv.<\/span><\/td>\n<td style=\"width: 52.64%;\"><span style=\"font-family: Verdana;\"><b>Carina BAUMGARTNER<\/b><\/span><\/td>\n<\/tr>\n<tr>\n<td style=\"width: 47.19%;\" width=\"284\"><span style=\"font-family: Verdana;\"> Schriftf\u00fchrer<\/span><\/td>\n<td style=\"width: 52.64%;\"><span style=\"font-family: Verdana;\"><b>Regina EI\u00dfL-V\u00d6TSCH<\/b><\/span><\/td>\n<\/tr>\n<tr>\n<td style=\"width: 47.19%;\" width=\"284\"><span style=\"font-family: Verdana;\"> Schriftf\u00fchrer Stv.<\/span><\/td>\n<td style=\"width: 52.64%;\"><span style=\"font-family: Verdana;\"><b>Lisa PUNTIGAM<\/b><\/span><\/td>\n<\/tr>\n<tr>\n<td style=\"width: 47.19%;\" width=\"284\"><span style=\"font-family: Verdana;\"> Kapellmeister<\/span><\/td>\n<td style=\"width: 52.64%;\"><b><span style=\"font-family: Verdana;\">Franz\u00a0WAGNER<\/span><\/b><\/td>\n<\/tr>\n<tr>\n<td style=\"width: 47.19%;\" width=\"284\"><span style=\"font-family: Verdana;\"> Kapellmeister Stv. <\/span><\/td>\n<td style=\"width: 52.64%;\"><b><span style=\"font-family: Verdana;\">Theresia GLAWOGGER<\/span><\/b><\/td>\n<\/tr>\n<tr>\n<td style=\"width: 47.19%;\" width=\"284\"><span style=\"font-family: Verdana;\">Musikalischer Beirat<\/span><\/td>\n<td style=\"width: 52.64%;\"><b><span style=\"font-family: Verdana;\">Ing. Fritz WAGNER<\/span><\/b><\/td>\n<\/tr>\n<tr>\n<td style=\"width: 47.19%;\" width=\"284\"><span style=\"font-family: Verdana;\"> Jugendreferent <\/span><\/td>\n<td style=\"width: 52.64%;\"><span style=\"font-family: verdana, geneva, sans-serif;\"><strong>Bettina WAGNER<\/strong><\/span><\/td>\n<\/tr>\n<tr>\n<td style=\"width: 47.19%;\" width=\"284\"><span style=\"font-family: Verdana;\"> Jugendreferent Stv.<\/span><\/td>\n<td style=\"width: 52.64%;\"><b><span style=\"font-family: Verdana;\">Julia NAGL-GS\u00d6LS<\/span><\/b><\/td>\n<\/tr>\n<tr>\n<td style=\"width: 47.19%;\" width=\"284\"><span style=\"font-family: Verdana;\"> Jugendreferent Stv.<\/span><\/td>\n<td style=\"width: 52.64%;\"><b><span style=\"font-family: Verdana;\">Hannah DREISBACH<\/span><\/b><\/p>\n<p><b>Katharina\u00a0BACHLER<\/b><\/td>\n<\/tr>\n<tr>\n<td style=\"width: 47.19%;\" width=\"284\">Stabf\u00fchrer<\/td>\n<td style=\"width: 52.64%;\"><b><span style=\"font-family: Verdana;\">Karlheinz BAUMGARTNER<\/span><\/b><\/td>\n<\/tr>\n<tr>\n<td style=\"width: 47.19%;\" width=\"284\"><span style=\"font-family: Verdana;\"> Stabf\u00fchrer Stv.<\/span><\/td>\n<td style=\"width: 52.64%;\"><b><span style=\"font-family: Verdana;\">Manfred NAGL<\/span><\/b><\/td>\n<\/tr>\n<tr>\n<td style=\"width: 47.19%;\" width=\"284\"><span style=\"font-family: Verdana;\"> Archivar Noten<\/span><\/td>\n<td style=\"width: 52.64%;\"><b><span style=\"font-family: Verdana;\">Markus H\u00d6RMANN<\/span><\/b><\/td>\n<\/tr>\n<tr>\n<td style=\"width: 47.19%;\" width=\"284\"><\/td>\n<td style=\"width: 52.64%;\"><b><span style=\"font-family: Verdana;\">Siegfried WAGNER<\/span><\/b><\/td>\n<\/tr>\n<tr>\n<td style=\"width: 47.19%;\" width=\"284\"><\/td>\n<td style=\"width: 52.64%;\"><b><span style=\"font-family: Verdana;\">Kerstin SCHOTT<\/span><\/b><\/td>\n<\/tr>\n<tr>\n<td style=\"width: 47.19%;\" width=\"284\"><\/td>\n<td style=\"width: 52.64%;\"><b><span style=\"font-family: Verdana;\">Simone ERLACHER\u00a0<\/span><\/b><b><\/b><\/td>\n<\/tr>\n<tr>\n<td style=\"width: 47.19%;\" width=\"284\"><span style=\"font-family: Verdana;\"> Archivar Instrumente,Bekleidung<\/span><\/td>\n<td style=\"width: 52.64%;\"><b><span style=\"font-family: Verdana;\">Markus H\u00d6RMANN\u00a0\u00a0\u00a0 <\/span><\/b><\/td>\n<\/tr>\n<\/tbody>\n<\/table>\n","protected":false},"excerpt":{"rendered":"<p>\u00a0 Obmann Manfed WAGNER Obmann Stv. Birgit NAGL Obmann Stv. Florian PUNTIGAM Kassier Petra DOBIDA Kassier Stv. Carina BAUMGARTNER Schriftf\u00fchrer Regina EI\u00dfL-V\u00d6TSCH Schriftf\u00fchrer Stv. Lisa PUNTIGAM Kapellmeister Franz\u00a0WAGNER Kapellmeister Stv. Theresia GLAWOGGER Musikalischer Beirat Ing. Fritz WAGNER Jugendreferent Bettina WAGNER Jugendreferent Stv. Julia NAGL-GS\u00d6LS Jugendreferent Stv. Hannah DREISBACH Katharina\u00a0BACHLER Stabf\u00fchrer Karlheinz BAUMGARTNER Stabf\u00fchrer Stv. Manfred [&hellip;]<\/p>\n","protected":false},"author":1,"featured_media":0,"parent":0,"menu_order":0,"comment_status":"closed","ping_status":"closed","template":"","meta":{"ngg_post_thumbnail":0,"footnotes":""},"_links":{"self":[{"href":"https:\/\/mmv-thal.at\/wp\/index.php?rest_route=\/wp\/v2\/pages\/9"}],"collection":[{"href":"https:\/\/mmv-thal.at\/wp\/index.php?rest_route=\/wp\/v2\/pages"}],"about":[{"href":"https:\/\/mmv-thal.at\/wp\/index.php?rest_route=\/wp\/v2\/types\/page"}],"author":[{"embeddable":true,"href":"https:\/\/mmv-thal.at\/wp\/index.php?rest_route=\/wp\/v2\/users\/1"}],"replies":[{"embeddable":true,"href":"https:\/\/mmv-thal.at\/wp\/index.php?rest_route=%2Fwp%2Fv2%2Fcomments&post=9"}],"version-history":[{"count":22,"href":"https:\/\/mmv-thal.at\/wp\/index.php?rest_route=\/wp\/v2\/pages\/9\/revisions"}],"predecessor-version":[{"id":8613,"href":"https:\/\/mmv-thal.at\/wp\/index.php?rest_route=\/wp\/v2\/pages\/9\/revisions\/8613"}],"wp:attachment":[{"href":"https:\/\/mmv-thal.at\/wp\/index.php?rest_route=%2Fwp%2Fv2%2Fmedia&parent=9"}],"curies":[{"name":"wp","href":"https:\/\/api.w.org\/{rel}","templated":true}]}}